{"id":2005,"date":"2024-05-24T11:53:36","date_gmt":"2024-05-24T09:53:36","guid":{"rendered":"http:\/\/gitelajumel.fr\/?page_id=2005"},"modified":"2024-05-29T10:36:00","modified_gmt":"2024-05-29T08:36:00","slug":"conditions-generales-de-vente-2","status":"publish","type":"page","link":"https:\/\/gitelajumel.fr\/index.php\/conditions-generales-de-vente-2\/","title":{"rendered":"Mentions l\u00e9gales"},"content":{"rendered":"\t\t<div data-elementor-type=\"wp-page\" data-elementor-id=\"2005\" class=\"elementor elementor-2005\" data-elementor-post-type=\"page\">\n\t\t\t\t\t\t<section class=\"elementor-section elementor-top-section elementor-element elementor-element-12fdc65 elementor-section-height-min-height elementor-section-full_width elementor-section-items-stretch elementor-section-content-middle elementor-section-height-default elementor-invisible\" data-id=\"12fdc65\" data-element_type=\"section\" data-e-type=\"section\" data-settings=\"{&quot;background_background&quot;:&quot;classic&quot;,&quot;animation&quot;:&quot;fadeIn&quot;}\">\n\t\t\t\t\t\t<div class=\"elementor-container elementor-column-gap-default\">\n\t\t\t\t\t<div class=\"elementor-column elementor-col-100 elementor-top-column elementor-element elementor-element-7f618323\" data-id=\"7f618323\" data-element_type=\"column\" data-e-type=\"column\">\n\t\t\t<div class=\"elementor-widget-wrap elementor-element-populated\">\n\t\t\t\t\t\t<div class=\"elementor-element elementor-element-6737fad4 elementor-widget elementor-widget-heading\" data-id=\"6737fad4\" data-element_type=\"widget\" data-e-type=\"widget\" data-widget_type=\"heading.default\">\n\t\t\t\t<div class=\"elementor-widget-container\">\n\t\t\t\t\t<h1 class=\"elementor-heading-title elementor-size-default\">\u2022   Mentions l\u00e9gales  \u2022<\/h1>\t\t\t\t<\/div>\n\t\t\t\t<\/div>\n\t\t\t\t\t<\/div>\n\t\t<\/div>\n\t\t\t\t\t<\/div>\n\t\t<\/section>\n\t\t\t\t<section class=\"elementor-section elementor-top-section elementor-element elementor-element-b874e7e elementor-section-boxed elementor-section-height-default elementor-section-height-default\" data-id=\"b874e7e\" data-element_type=\"section\" data-e-type=\"section\">\n\t\t\t\t\t\t<div class=\"elementor-container elementor-column-gap-default\">\n\t\t\t\t\t<div class=\"elementor-column elementor-col-100 elementor-top-column elementor-element elementor-element-fd8bc1c\" data-id=\"fd8bc1c\" data-element_type=\"column\" data-e-type=\"column\">\n\t\t\t<div class=\"elementor-widget-wrap elementor-element-populated\">\n\t\t\t\t\t\t<div class=\"elementor-element elementor-element-9d79e59 elementor-widget elementor-widget-spacer\" data-id=\"9d79e59\" data-element_type=\"widget\" data-e-type=\"widget\" data-widget_type=\"spacer.default\">\n\t\t\t\t<div class=\"elementor-widget-container\">\n\t\t\t\t\t\t\t<div class=\"elementor-spacer\">\n\t\t\t<div class=\"elementor-spacer-inner\"><\/div>\n\t\t<\/div>\n\t\t\t\t\t\t<\/div>\n\t\t\t\t<\/div>\n\t\t\t\t\t<\/div>\n\t\t<\/div>\n\t\t\t\t\t<\/div>\n\t\t<\/section>\n\t\t\t\t<section class=\"elementor-section elementor-top-section elementor-element elementor-element-aa35bfe elementor-section-boxed elementor-section-height-default elementor-section-height-default\" data-id=\"aa35bfe\" data-element_type=\"section\" data-e-type=\"section\">\n\t\t\t\t\t\t<div class=\"elementor-container elementor-column-gap-default\">\n\t\t\t\t\t<div class=\"elementor-column elementor-col-33 elementor-top-column elementor-element elementor-element-c615568\" data-id=\"c615568\" data-element_type=\"column\" data-e-type=\"column\">\n\t\t\t<div class=\"elementor-widget-wrap elementor-element-populated\">\n\t\t\t\t\t\t<div class=\"elementor-element elementor-element-84657bb elementor-widget elementor-widget-heading\" data-id=\"84657bb\" data-element_type=\"widget\" data-e-type=\"widget\" data-widget_type=\"heading.default\">\n\t\t\t\t<div class=\"elementor-widget-container\">\n\t\t\t\t\t<h2 class=\"elementor-heading-title elementor-size-default\">Soci\u00e9t\u00e9<\/h2>\t\t\t\t<\/div>\n\t\t\t\t<\/div>\n\t\t\t\t<div class=\"elementor-element elementor-element-0a110bb elementor-widget elementor-widget-text-editor\" data-id=\"0a110bb\" data-element_type=\"widget\" data-e-type=\"widget\" data-widget_type=\"text-editor.default\">\n\t\t\t\t<div class=\"elementor-widget-container\">\n\t\t\t\t\t\t\t\t\t<p><strong data-w-id=\"72173673-875b-a18c-6e02-fd6ec997d888\" data-wf-id=\"[&quot;72173673-875b-a18c-6e02-fd6ec997d888&quot;]\">SARL Capon<br data-w-id=\"fee567d4-f55a-1f2e-ca29-b18c0c18da8b\" data-wf-id=\"[&quot;fee567d4-f55a-1f2e-ca29-b18c0c18da8b&quot;,&quot;LineBreak&quot;]\" \/>\u200d<\/strong>58, D34962990 <br data-w-id=\"2469c068-d110-23c6-b2f4-3260640242f9\" data-wf-id=\"[&quot;2469c068-d110-23c6-b2f4-3260640242f9&quot;,&quot;LineBreak&quot;]\" \/>Beaurainville-Jumel<br data-w-id=\"5ed4dc9f-2532-4189-5db8-73415e879415\" data-wf-id=\"[&quot;5ed4dc9f-2532-4189-5db8-73415e879415&quot;,&quot;LineBreak&quot;]\" \/>SIRET : 43879974400017<br data-w-id=\"15d8b2e1-3d0f-7dc9-a5d0-0d21146da8ff\" data-wf-id=\"[&quot;15d8b2e1-3d0f-7dc9-a5d0-0d21146da8ff&quot;,&quot;LineBreak&quot;]\" \/>Non Assujeti TVA N\u00b0FR2243799744<\/p>\t\t\t\t\t\t\t\t<\/div>\n\t\t\t\t<\/div>\n\t\t\t\t\t<\/div>\n\t\t<\/div>\n\t\t\t\t<div class=\"elementor-column elementor-col-33 elementor-top-column elementor-element elementor-element-eccdf7e\" data-id=\"eccdf7e\" data-element_type=\"column\" data-e-type=\"column\">\n\t\t\t<div class=\"elementor-widget-wrap elementor-element-populated\">\n\t\t\t\t\t\t<div class=\"elementor-element elementor-element-4811a50 elementor-widget elementor-widget-heading\" data-id=\"4811a50\" data-element_type=\"widget\" data-e-type=\"widget\" data-widget_type=\"heading.default\">\n\t\t\t\t<div class=\"elementor-widget-container\">\n\t\t\t\t\t<h2 class=\"elementor-heading-title elementor-size-default\">H\u00e9bergement<\/h2>\t\t\t\t<\/div>\n\t\t\t\t<\/div>\n\t\t\t\t<div class=\"elementor-element elementor-element-c793212 elementor-widget elementor-widget-text-editor\" data-id=\"c793212\" data-element_type=\"widget\" data-e-type=\"widget\" data-widget_type=\"text-editor.default\">\n\t\t\t\t<div class=\"elementor-widget-container\">\n\t\t\t\t\t\t\t\t\t<p><strong data-w-id=\"305ca42f-8b0a-c019-0472-0ca03aa90f6c\" data-wf-id=\"[&quot;305ca42f-8b0a-c019-0472-0ca03aa90f6c&quot;]\">OVH Cloud<br data-w-id=\"c2a7f11d-38d4-95fd-59b1-bbe5633ca68e\" data-wf-id=\"[&quot;c2a7f11d-38d4-95fd-59b1-bbe5633ca68e&quot;,&quot;LineBreak&quot;]\" \/>\u200d<\/strong>RCS Lille M\u00e9tropole 424 761 419 00045Code APE 2620ZN\u00b0 TVA : FR 22 424 761 419Si\u00e8ge social : 2 rue Kellermann &#8211; 59100 Roubaix &#8211; France<\/p>\t\t\t\t\t\t\t\t<\/div>\n\t\t\t\t<\/div>\n\t\t\t\t\t<\/div>\n\t\t<\/div>\n\t\t\t\t<div class=\"elementor-column elementor-col-33 elementor-top-column elementor-element elementor-element-a7eb10d\" data-id=\"a7eb10d\" data-element_type=\"column\" data-e-type=\"column\">\n\t\t\t<div class=\"elementor-widget-wrap elementor-element-populated\">\n\t\t\t\t\t\t<div class=\"elementor-element elementor-element-981baca elementor-widget elementor-widget-heading\" data-id=\"981baca\" data-element_type=\"widget\" data-e-type=\"widget\" data-widget_type=\"heading.default\">\n\t\t\t\t<div class=\"elementor-widget-container\">\n\t\t\t\t\t<h2 class=\"elementor-heading-title elementor-size-default\">Production<\/h2>\t\t\t\t<\/div>\n\t\t\t\t<\/div>\n\t\t\t\t<div class=\"elementor-element elementor-element-c48fd56 elementor-widget elementor-widget-text-editor\" data-id=\"c48fd56\" data-element_type=\"widget\" data-e-type=\"widget\" data-widget_type=\"text-editor.default\">\n\t\t\t\t<div class=\"elementor-widget-container\">\n\t\t\t\t\t\t\t\t\t<p><strong data-w-id=\"b6a975d3-b3ef-4808-8c8d-520cdfb9695a\" data-wf-id=\"[&quot;b6a975d3-b3ef-4808-8c8d-520cdfb9695a&quot;]\">89 graphic<\/strong><br data-w-id=\"659ae67f-2e49-3a4d-94fb-ccd82985b0a9\" data-wf-id=\"[&quot;659ae67f-2e49-3a4d-94fb-ccd82985b0a9&quot;,&quot;LineBreak&quot;]\" \/>76 rue ferdinand buisson <br data-w-id=\"ac6acede-3e64-6030-523a-7d1db1701226\" data-wf-id=\"[&quot;ac6acede-3e64-6030-523a-7d1db1701226&quot;,&quot;LineBreak&quot;]\" \/>59260 Hellemmes <br data-w-id=\"67cd7ccf-136f-3803-3624-0369402c879f\" data-wf-id=\"[&quot;67cd7ccf-136f-3803-3624-0369402c879f&quot;,&quot;LineBreak&quot;]\" \/>Siret : 79855129700012<\/p>\t\t\t\t\t\t\t\t<\/div>\n\t\t\t\t<\/div>\n\t\t\t\t<div class=\"elementor-element elementor-element-f035db9 elementor-widget elementor-widget-text-editor\" data-id=\"f035db9\" data-element_type=\"widget\" data-e-type=\"widget\" data-widget_type=\"text-editor.default\">\n\t\t\t\t<div class=\"elementor-widget-container\">\n\t\t\t\t\t\t\t\t\t<p><a href=\"https:\/\/89graphic.fr\/\">https:\/\/89graphic.fr\/<\/a><\/p>\t\t\t\t\t\t\t\t<\/div>\n\t\t\t\t<\/div>\n\t\t\t\t\t<\/div>\n\t\t<\/div>\n\t\t\t\t\t<\/div>\n\t\t<\/section>\n\t\t\t\t<section class=\"elementor-section elementor-top-section elementor-element elementor-element-ead3244 elementor-section-boxed elementor-section-height-default elementor-section-height-default\" data-id=\"ead3244\" data-element_type=\"section\" data-e-type=\"section\">\n\t\t\t\t\t\t<div class=\"elementor-container elementor-column-gap-default\">\n\t\t\t\t\t<div class=\"elementor-column elementor-col-100 elementor-top-column elementor-element elementor-element-d595f3e\" data-id=\"d595f3e\" data-element_type=\"column\" data-e-type=\"column\">\n\t\t\t<div class=\"elementor-widget-wrap elementor-element-populated\">\n\t\t\t\t\t\t<div class=\"elementor-element elementor-element-61f51ab elementor-widget elementor-widget-spacer\" data-id=\"61f51ab\" data-element_type=\"widget\" data-e-type=\"widget\" data-widget_type=\"spacer.default\">\n\t\t\t\t<div class=\"elementor-widget-container\">\n\t\t\t\t\t\t\t<div class=\"elementor-spacer\">\n\t\t\t<div class=\"elementor-spacer-inner\"><\/div>\n\t\t<\/div>\n\t\t\t\t\t\t<\/div>\n\t\t\t\t<\/div>\n\t\t\t\t\t<\/div>\n\t\t<\/div>\n\t\t\t\t\t<\/div>\n\t\t<\/section>\n\t\t\t\t<\/div>\n\t\t","protected":false},"excerpt":{"rendered":"<p>\u2022 Mentions l\u00e9gales \u2022 Soci\u00e9t\u00e9 SARL Capon\u200d58, D34962990 Beaurainville-JumelSIRET : 43879974400017Non Assujeti TVA N\u00b0FR2243799744 H\u00e9bergement OVH Cloud\u200dRCS Lille M\u00e9tropole 424 761 419 00045Code APE 2620ZN\u00b0 TVA : FR 22 424 761 419Si\u00e8ge social : 2 rue Kellermann &#8211; 59100 Roubaix &#8211; France Production 89 graphic76 rue ferdinand buisson 59260 Hellemmes Siret : 79855129700012 https:\/\/89graphic.fr\/<\/p>\n","protected":false},"author":1,"featured_media":0,"parent":0,"menu_order":0,"comment_status":"closed","ping_status":"closed","template":"elementor_header_footer","meta":{"footnotes":""},"class_list":["post-2005","page","type-page","status-publish","hentry"],"yoast_head":"<!-- This site is optimized with the Yoast SEO plugin v27.6 - https:\/\/yoast.com\/product\/yoast-seo-wordpress\/ -->\n<title>Mentions l\u00e9gales - G\u00eete la Jumel<\/title>\n<meta name=\"description\" content=\"D\u00e9couvrez nos mentions l\u00e9gales de notre g\u00eete la jumel !\" \/>\n<meta name=\"robots\" content=\"index, follow, max-snippet:-1, max-image-preview:large, max-video-preview:-1\" \/>\n<link rel=\"canonical\" href=\"https:\/\/gitelajumel.fr\/index.php\/conditions-generales-de-vente-2\/\" \/>\n<meta property=\"og:locale\" content=\"fr_FR\" \/>\n<meta property=\"og:type\" content=\"article\" \/>\n<meta property=\"og:title\" content=\"Mentions l\u00e9gales - G\u00eete la Jumel\" \/>\n<meta property=\"og:description\" content=\"D\u00e9couvrez nos mentions l\u00e9gales de notre g\u00eete la jumel !\" \/>\n<meta property=\"og:url\" content=\"https:\/\/gitelajumel.fr\/index.php\/conditions-generales-de-vente-2\/\" \/>\n<meta property=\"og:site_name\" content=\"G\u00eete la Jumel\" \/>\n<meta property=\"article:modified_time\" content=\"2024-05-29T08:36:00+00:00\" \/>\n<meta name=\"twitter:card\" content=\"summary_large_image\" \/>\n<meta name=\"twitter:label1\" content=\"Dur\u00e9e de lecture estim\u00e9e\" \/>\n\t<meta name=\"twitter:data1\" content=\"1 minute\" \/>\n<script type=\"application\/ld+json\" class=\"yoast-schema-graph\">{\"@context\":\"https:\\\/\\\/schema.org\",\"@graph\":[{\"@type\":\"WebPage\",\"@id\":\"https:\\\/\\\/gitelajumel.fr\\\/index.php\\\/conditions-generales-de-vente-2\\\/\",\"url\":\"https:\\\/\\\/gitelajumel.fr\\\/index.php\\\/conditions-generales-de-vente-2\\\/\",\"name\":\"Mentions l\u00e9gales - G\u00eete la Jumel\",\"isPartOf\":{\"@id\":\"https:\\\/\\\/gitelajumel.fr\\\/#website\"},\"datePublished\":\"2024-05-24T09:53:36+00:00\",\"dateModified\":\"2024-05-29T08:36:00+00:00\",\"description\":\"D\u00e9couvrez nos mentions l\u00e9gales de notre g\u00eete la jumel !\",\"breadcrumb\":{\"@id\":\"https:\\\/\\\/gitelajumel.fr\\\/index.php\\\/conditions-generales-de-vente-2\\\/#breadcrumb\"},\"inLanguage\":\"fr-FR\",\"potentialAction\":[{\"@type\":\"ReadAction\",\"target\":[\"https:\\\/\\\/gitelajumel.fr\\\/index.php\\\/conditions-generales-de-vente-2\\\/\"]}]},{\"@type\":\"BreadcrumbList\",\"@id\":\"https:\\\/\\\/gitelajumel.fr\\\/index.php\\\/conditions-generales-de-vente-2\\\/#breadcrumb\",\"itemListElement\":[{\"@type\":\"ListItem\",\"position\":1,\"name\":\"Accueil\",\"item\":\"https:\\\/\\\/gitelajumel.fr\\\/\"},{\"@type\":\"ListItem\",\"position\":2,\"name\":\"Mentions l\u00e9gales\"}]},{\"@type\":\"WebSite\",\"@id\":\"https:\\\/\\\/gitelajumel.fr\\\/#website\",\"url\":\"https:\\\/\\\/gitelajumel.fr\\\/\",\"name\":\"G\u00eete la Jumel\",\"description\":\"Un site utilisant WordPress\",\"publisher\":{\"@id\":\"https:\\\/\\\/gitelajumel.fr\\\/#organization\"},\"potentialAction\":[{\"@type\":\"SearchAction\",\"target\":{\"@type\":\"EntryPoint\",\"urlTemplate\":\"https:\\\/\\\/gitelajumel.fr\\\/?s={search_term_string}\"},\"query-input\":{\"@type\":\"PropertyValueSpecification\",\"valueRequired\":true,\"valueName\":\"search_term_string\"}}],\"inLanguage\":\"fr-FR\"},{\"@type\":\"Organization\",\"@id\":\"https:\\\/\\\/gitelajumel.fr\\\/#organization\",\"name\":\"G\u00eete la Jumel\",\"url\":\"https:\\\/\\\/gitelajumel.fr\\\/\",\"logo\":{\"@type\":\"ImageObject\",\"inLanguage\":\"fr-FR\",\"@id\":\"https:\\\/\\\/gitelajumel.fr\\\/#\\\/schema\\\/logo\\\/image\\\/\",\"url\":\"https:\\\/\\\/gitelajumel.fr\\\/wp-content\\\/uploads\\\/2023\\\/04\\\/logo-jumel-MODIF-HD.svg\",\"contentUrl\":\"https:\\\/\\\/gitelajumel.fr\\\/wp-content\\\/uploads\\\/2023\\\/04\\\/logo-jumel-MODIF-HD.svg\",\"width\":1417,\"height\":1047,\"caption\":\"G\u00eete la Jumel\"},\"image\":{\"@id\":\"https:\\\/\\\/gitelajumel.fr\\\/#\\\/schema\\\/logo\\\/image\\\/\"}}]}<\/script>\n<!-- \/ Yoast SEO plugin. -->","yoast_head_json":{"title":"Mentions l\u00e9gales - G\u00eete la Jumel","description":"D\u00e9couvrez nos mentions l\u00e9gales de notre g\u00eete la jumel !","robots":{"index":"index","follow":"follow","max-snippet":"max-snippet:-1","max-image-preview":"max-image-preview:large","max-video-preview":"max-video-preview:-1"},"canonical":"https:\/\/gitelajumel.fr\/index.php\/conditions-generales-de-vente-2\/","og_locale":"fr_FR","og_type":"article","og_title":"Mentions l\u00e9gales - G\u00eete la Jumel","og_description":"D\u00e9couvrez nos mentions l\u00e9gales de notre g\u00eete la jumel !","og_url":"https:\/\/gitelajumel.fr\/index.php\/conditions-generales-de-vente-2\/","og_site_name":"G\u00eete la Jumel","article_modified_time":"2024-05-29T08:36:00+00:00","twitter_card":"summary_large_image","twitter_misc":{"Dur\u00e9e de lecture estim\u00e9e":"1 minute"},"schema":{"@context":"https:\/\/schema.org","@graph":[{"@type":"WebPage","@id":"https:\/\/gitelajumel.fr\/index.php\/conditions-generales-de-vente-2\/","url":"https:\/\/gitelajumel.fr\/index.php\/conditions-generales-de-vente-2\/","name":"Mentions l\u00e9gales - G\u00eete la Jumel","isPartOf":{"@id":"https:\/\/gitelajumel.fr\/#website"},"datePublished":"2024-05-24T09:53:36+00:00","dateModified":"2024-05-29T08:36:00+00:00","description":"D\u00e9couvrez nos mentions l\u00e9gales de notre g\u00eete la jumel !","breadcrumb":{"@id":"https:\/\/gitelajumel.fr\/index.php\/conditions-generales-de-vente-2\/#breadcrumb"},"inLanguage":"fr-FR","potentialAction":[{"@type":"ReadAction","target":["https:\/\/gitelajumel.fr\/index.php\/conditions-generales-de-vente-2\/"]}]},{"@type":"BreadcrumbList","@id":"https:\/\/gitelajumel.fr\/index.php\/conditions-generales-de-vente-2\/#breadcrumb","itemListElement":[{"@type":"ListItem","position":1,"name":"Accueil","item":"https:\/\/gitelajumel.fr\/"},{"@type":"ListItem","position":2,"name":"Mentions l\u00e9gales"}]},{"@type":"WebSite","@id":"https:\/\/gitelajumel.fr\/#website","url":"https:\/\/gitelajumel.fr\/","name":"G\u00eete la Jumel","description":"Un site utilisant WordPress","publisher":{"@id":"https:\/\/gitelajumel.fr\/#organization"},"potentialAction":[{"@type":"SearchAction","target":{"@type":"EntryPoint","urlTemplate":"https:\/\/gitelajumel.fr\/?s={search_term_string}"},"query-input":{"@type":"PropertyValueSpecification","valueRequired":true,"valueName":"search_term_string"}}],"inLanguage":"fr-FR"},{"@type":"Organization","@id":"https:\/\/gitelajumel.fr\/#organization","name":"G\u00eete la Jumel","url":"https:\/\/gitelajumel.fr\/","logo":{"@type":"ImageObject","inLanguage":"fr-FR","@id":"https:\/\/gitelajumel.fr\/#\/schema\/logo\/image\/","url":"https:\/\/gitelajumel.fr\/wp-content\/uploads\/2023\/04\/logo-jumel-MODIF-HD.svg","contentUrl":"https:\/\/gitelajumel.fr\/wp-content\/uploads\/2023\/04\/logo-jumel-MODIF-HD.svg","width":1417,"height":1047,"caption":"G\u00eete la Jumel"},"image":{"@id":"https:\/\/gitelajumel.fr\/#\/schema\/logo\/image\/"}}]}},"_links":{"self":[{"href":"https:\/\/gitelajumel.fr\/index.php\/wp-json\/wp\/v2\/pages\/2005","targetHints":{"allow":["GET"]}}],"collection":[{"href":"https:\/\/gitelajumel.fr\/index.php\/wp-json\/wp\/v2\/pages"}],"about":[{"href":"https:\/\/gitelajumel.fr\/index.php\/wp-json\/wp\/v2\/types\/page"}],"author":[{"embeddable":true,"href":"https:\/\/gitelajumel.fr\/index.php\/wp-json\/wp\/v2\/users\/1"}],"replies":[{"embeddable":true,"href":"https:\/\/gitelajumel.fr\/index.php\/wp-json\/wp\/v2\/comments?post=2005"}],"version-history":[{"count":19,"href":"https:\/\/gitelajumel.fr\/index.php\/wp-json\/wp\/v2\/pages\/2005\/revisions"}],"predecessor-version":[{"id":2146,"href":"https:\/\/gitelajumel.fr\/index.php\/wp-json\/wp\/v2\/pages\/2005\/revisions\/2146"}],"wp:attachment":[{"href":"https:\/\/gitelajumel.fr\/index.php\/wp-json\/wp\/v2\/media?parent=2005"}],"curies":[{"name":"wp","href":"https:\/\/api.w.org\/{rel}","templated":true}]}}